{"id":986,"date":"2025-06-07T10:47:35","date_gmt":"2025-06-07T06:47:35","guid":{"rendered":"https:\/\/world-stations.com\/einkaufen-im-oman\/"},"modified":"2025-09-07T11:33:14","modified_gmt":"2025-09-07T07:33:14","slug":"einkaufen-im-oman","status":"publish","type":"page","link":"https:\/\/world-stations.com\/de\/einkaufen-im-oman\/","title":{"rendered":"Einkaufen im Oman"},"content":{"rendered":"\t\t<div data-elementor-type=\"wp-page\" data-elementor-id=\"986\" class=\"elementor elementor-986 elementor-498\" data-elementor-post-type=\"page\">\n\t\t\t\t<div class=\"elementor-element elementor-element-d9a7e01 e-flex e-con-boxed e-con e-parent\" data-id=\"d9a7e01\" data-element_type=\"container\" data-e-type=\"container\" data-settings=\"{&quot;background_background&quot;:&quot;classic&quot;}\">\n\t\t\t\t\t<div class=\"e-con-inner\">\n\t\t<div class=\"elementor-element elementor-element-5959203f e-con-full e-flex e-con e-child\" data-id=\"5959203f\" data-element_type=\"container\" data-e-type=\"container\">\n\t\t<div class=\"elementor-element elementor-element-6ab5ea97 e-con-full e-flex elementor-invisible e-con e-child\" data-id=\"6ab5ea97\" data-element_type=\"container\" data-e-type=\"container\" data-settings=\"{&quot;animation&quot;:&quot;fadeInLeft&quot;}\">\n\t\t\t\t<div class=\"elementor-element elementor-element-3632bf14 elementor-widget elementor-widget-elementskit-heading\" data-id=\"3632bf14\" data-element_type=\"widget\" data-e-type=\"widget\" data-widget_type=\"elementskit-heading.default\">\n\t\t\t\t<div class=\"elementor-widget-container\">\n\t\t\t\t\t<div class=\"ekit-wid-con\" ><div class=\"ekit-heading elementskit-section-title-wraper text_left   ekit_heading_tablet-   ekit_heading_mobile-\"><h2 class=\"ekit-heading--title elementskit-section-title \">Einkaufen im Oman<\/h2><\/div><\/div>\t\t\t\t<\/div>\n\t\t\t\t<\/div>\n\t\t\t\t<div class=\"elementor-element elementor-element-55c96d6d elementor-widget elementor-widget-text-editor\" data-id=\"55c96d6d\" data-element_type=\"widget\" data-e-type=\"widget\" data-widget_type=\"text-editor.default\">\n\t\t\t\t<div class=\"elementor-widget-container\">\n\t\t\t\t\t\t\t\t\t<p>Einkaufen im Oman bietet ein einzigartiges Erlebnis, bei dem traditionelle Souks voller Gew\u00fcrze, Silber und Kunsthandwerk auf moderne Einkaufszentren mit globalen Marken und gehobener Gastronomie treffen. Ob Sie nach authentischen omanischen Sch\u00e4tzen oder der neuesten Mode suchen, der Oman hat f\u00fcr jeden Eink\u00e4ufer etwas zu bieten. <\/p>\t\t\t\t\t\t\t\t<\/div>\n\t\t\t\t<\/div>\n\t\t\t\t<\/div>\n\t\t<div class=\"elementor-element elementor-element-7693867d e-con-full e-flex elementor-invisible e-con e-child\" data-id=\"7693867d\" data-element_type=\"container\" data-e-type=\"container\" data-settings=\"{&quot;animation&quot;:&quot;fadeInRight&quot;}\">\n\t\t<div class=\"elementor-element elementor-element-37d4233c e-con-full e-flex e-con e-child\" data-id=\"37d4233c\" data-element_type=\"container\" data-e-type=\"container\" data-settings=\"{&quot;background_background&quot;:&quot;classic&quot;}\">\n\t\t\t\t<div class=\"elementor-element elementor-element-3369448a elementor-widget elementor-widget-text-editor\" data-id=\"3369448a\" data-element_type=\"widget\" data-e-type=\"widget\" data-widget_type=\"text-editor.default\">\n\t\t\t\t<div class=\"elementor-widget-container\">\n\t\t\t\t\t\t\t\t\t<p><a href=\"#\">Startseite<\/a> \/ Einzelbeitrag<\/p>\t\t\t\t\t\t\t\t<\/div>\n\t\t\t\t<\/div>\n\t\t\t\t<\/div>\n\t\t\t\t<\/div>\n\t\t\t\t<\/div>\n\t\t\t\t\t<\/div>\n\t\t\t\t<\/div>\n\t\t<div class=\"elementor-element elementor-element-6b2c9096 e-flex e-con-boxed e-con e-parent\" data-id=\"6b2c9096\" data-element_type=\"container\" data-e-type=\"container\">\n\t\t\t\t\t<div class=\"e-con-inner\">\n\t\t<div class=\"elementor-element elementor-element-20949374 e-con-full e-flex e-con e-child\" data-id=\"20949374\" data-element_type=\"container\" data-e-type=\"container\">\n\t\t<div class=\"elementor-element elementor-element-71f0d8d8 e-con-full e-flex elementor-invisible e-con e-child\" data-id=\"71f0d8d8\" data-element_type=\"container\" data-e-type=\"container\" data-settings=\"{&quot;animation&quot;:&quot;fadeInRight&quot;,&quot;animation_delay&quot;:200}\">\n\t\t\t\t<div class=\"elementor-element elementor-element-36151de1 elementor-widget elementor-widget-heading\" data-id=\"36151de1\" data-element_type=\"widget\" data-e-type=\"widget\" data-widget_type=\"heading.default\">\n\t\t\t\t<div class=\"elementor-widget-container\">\n\t\t\t\t\t<h3 class=\"elementor-heading-title elementor-size-default\">Einkaufen im Oman<\/h3>\t\t\t\t<\/div>\n\t\t\t\t<\/div>\n\t\t\t\t<div class=\"elementor-element elementor-element-3da1e254 elementor-widget elementor-widget-text-editor\" data-id=\"3da1e254\" data-element_type=\"widget\" data-e-type=\"widget\" data-widget_type=\"text-editor.default\">\n\t\t\t\t<div class=\"elementor-widget-container\">\n\t\t\t\t\t\t\t\t\t<p>Bietet eine einzigartige Mischung aus traditionellen M\u00e4rkten und modernen Einkaufszentren. Besucher k\u00f6nnen lebhafte Souks (M\u00e4rkte) wie den Mutrah Souk in Maskat erkunden, wo sie Gew\u00fcrze, Silber, Parfums und Kunsthandwerk finden k\u00f6nnen. F\u00fcr ein zeitgem\u00e4\u00dferes Erlebnis bieten die modernen Einkaufszentren des Oman, wie die Oman Avenues Mall, die Mall of Oman und das Muscat City Centre, internationale Marken, gastronomische Einrichtungen und Unterhaltung. Ob Sie traditionelle Sch\u00e4tze oder globale Mode suchen, das Einkaufen im Oman bietet f\u00fcr jeden Geschmack etwas.   <\/p>\t\t\t\t\t\t\t\t<\/div>\n\t\t\t\t<\/div>\n\t\t<div class=\"elementor-element elementor-element-97d5091 e-con-full e-flex e-con e-child\" data-id=\"97d5091\" data-element_type=\"container\" data-e-type=\"container\">\n\t\t<div class=\"elementor-element elementor-element-68048ca e-con-full e-flex e-con e-child\" data-id=\"68048ca\" data-element_type=\"container\" data-e-type=\"container\">\n\t\t\t\t<div class=\"elementor-element elementor-element-64d789c elementor-widget elementor-widget-spacer\" data-id=\"64d789c\" data-element_type=\"widget\" data-e-type=\"widget\" data-widget_type=\"spacer.default\">\n\t\t\t\t<div class=\"elementor-widget-container\">\n\t\t\t\t\t\t\t<div class=\"elementor-spacer\">\n\t\t\t<div class=\"elementor-spacer-inner\"><\/div>\n\t\t<\/div>\n\t\t\t\t\t\t<\/div>\n\t\t\t\t<\/div>\n\t\t\t\t<\/div>\n\t\t<div class=\"elementor-element elementor-element-92b2ce8 e-con-full e-flex e-con e-child\" data-id=\"92b2ce8\" data-element_type=\"container\" data-e-type=\"container\">\n\t\t\t\t<div class=\"elementor-element elementor-element-435ec55 elementor-widget elementor-widget-spacer\" data-id=\"435ec55\" data-element_type=\"widget\" data-e-type=\"widget\" data-widget_type=\"spacer.default\">\n\t\t\t\t<div class=\"elementor-widget-container\">\n\t\t\t\t\t\t\t<div class=\"elementor-spacer\">\n\t\t\t<div class=\"elementor-spacer-inner\"><\/div>\n\t\t<\/div>\n\t\t\t\t\t\t<\/div>\n\t\t\t\t<\/div>\n\t\t\t\t<\/div>\n\t\t\t\t<\/div>\n\t\t<div class=\"elementor-element elementor-element-6840412f e-con-full e-flex e-con e-child\" data-id=\"6840412f\" data-element_type=\"container\" data-e-type=\"container\">\n\t\t\t\t<div class=\"elementor-element elementor-element-42af93d elementor-widget elementor-widget-spacer\" data-id=\"42af93d\" data-element_type=\"widget\" data-e-type=\"widget\" data-widget_type=\"spacer.default\">\n\t\t\t\t<div class=\"elementor-widget-container\">\n\t\t\t\t\t\t\t<div class=\"elementor-spacer\">\n\t\t\t<div class=\"elementor-spacer-inner\"><\/div>\n\t\t<\/div>\n\t\t\t\t\t\t<\/div>\n\t\t\t\t<\/div>\n\t\t\t\t<\/div>\n\t\t\t\t<\/div>\n\t\t\t\t<\/div>\n\t\t\t\t\t<\/div>\n\t\t\t\t<\/div>\n\t\t\t\t<\/div>\n\t\t","protected":false},"excerpt":{"rendered":"<p>Einkaufen im Oman Einkaufen im Oman bietet ein einzigartiges Erlebnis, bei dem traditionelle Souks voller Gew\u00fcrze, Silber und Kunsthandwerk auf moderne Einkaufszentren mit globalen Marken und gehobener Gastronomie treffen. Ob Sie nach authentischen omanischen Sch\u00e4tzen oder der neuesten Mode suchen, der Oman hat f\u00fcr jeden Eink\u00e4ufer etwas zu bieten. Startseite \/ Einzelbeitrag Einkaufen im Oman [&hellip;]<\/p>\n","protected":false},"author":1,"featured_media":0,"parent":0,"menu_order":0,"comment_status":"closed","ping_status":"closed","template":"elementor_header_footer","meta":{"_acf_changed":false,"footnotes":""},"class_list":["post-986","page","type-page","status-publish","hentry"],"acf":[],"_links":{"self":[{"href":"https:\/\/world-stations.com\/de\/wp-json\/wp\/v2\/pages\/986","targetHints":{"allow":["GET"]}}],"collection":[{"href":"https:\/\/world-stations.com\/de\/wp-json\/wp\/v2\/pages"}],"about":[{"href":"https:\/\/world-stations.com\/de\/wp-json\/wp\/v2\/types\/page"}],"author":[{"embeddable":true,"href":"https:\/\/world-stations.com\/de\/wp-json\/wp\/v2\/users\/1"}],"replies":[{"embeddable":true,"href":"https:\/\/world-stations.com\/de\/wp-json\/wp\/v2\/comments?post=986"}],"version-history":[{"count":3,"href":"https:\/\/world-stations.com\/de\/wp-json\/wp\/v2\/pages\/986\/revisions"}],"predecessor-version":[{"id":1630,"href":"https:\/\/world-stations.com\/de\/wp-json\/wp\/v2\/pages\/986\/revisions\/1630"}],"wp:attachment":[{"href":"https:\/\/world-stations.com\/de\/wp-json\/wp\/v2\/media?parent=986"}],"curies":[{"name":"wp","href":"https:\/\/api.w.org\/{rel}","templated":true}]}}